{"id":2643,"date":"2018-05-25T20:21:58","date_gmt":"2018-05-25T18:21:58","guid":{"rendered":"http:\/\/www.vfl-fluorn-fussball.de\/wordpress\/?page_id=2643"},"modified":"2021-01-30T14:23:55","modified_gmt":"2021-01-30T12:23:55","slug":"datenschutz","status":"publish","type":"page","link":"https:\/\/www.vfl-fluorn-fussball.de\/wordpress\/datenschutz\/","title":{"rendered":"Datenschutz"},"content":{"rendered":"<div id=\"pl-2643\" class=\"panel-layout\">\n<div id=\"pg-2643-0\" class=\"panel-grid panel-no-style\">\n<div id=\"pgc-2643-0-0\" class=\"panel-grid-cell\" data-weight=\"1\">\n<div id=\"panel-2643-0-0-0\" class=\"so-panel widget widget_text panel-first-child panel-last-child\" data-index=\"0\" data-style=\"{&quot;background_image_attachment&quot;:false,&quot;background_display&quot;:&quot;tile&quot;}\">\n<h3 class=\"widget-title\">Datenschutz<\/h3>\n<div class=\"textwidget\">\n<p>Datenschutzerkl\u00e4rung:<\/p>\n<p>Verantwortliche Stelle im Sinne der Datenschutzgesetze ist:<\/p>\n<p>Anschrift:<br \/>\nVfL Fluorn Fu\u00dfball 1924 e.V.<br \/>\nSportplatzweg 4<br \/>\n78737 Fluorn-Winzeln<\/p>\n<p>Telefon: + 49 (0) 7402 8165<br \/>\nE-Mail: info@vfl-fluorn-fussball.de<br \/>\nInternet: http:\/\/www.vfl-fluorn-fussball.de<\/p>\n<p>Vertretungsberechtigte Vorst\u00e4nde gem. \u00a7 26 BGB: Sven Pfau, Katja Maier, Christoph Pross<br \/>\nRegistergericht: Amtsgericht Stuttgart<br \/>\nRegisternummer: VR 48-603<\/p>\n<p>1. Erfassung allgemeiner Informationen:<br \/>\nWenn Sie auf unsere Webseite zugreifen, werden automatisch Informationen allgemeiner Natur erfasst. Diese Informationen (Server-Logfiles) beinhalten etwa die Art des Webbrowsers, das verwendete Betriebssystem, den Domainnamen Ihres Internet Service Providers und \u00c4hnliches. Hierbei handelt es sich ausschlie\u00dflich um Informationen, welche keine R\u00fcckschl\u00fcsse auf Ihre Person zulassen. Diese Informationen sind technisch notwendig, um von Ihnen angeforderte Inhalte von Webseiten korrekt auszuliefern und fallen bei Nutzung des Internets zwingend an. Anonyme Informationen dieser Art werden von uns statistisch ausgewertet, um unseren Internetauftritt und die dahinterstehende Technik zu optimieren.<\/p>\n<p>2. Cookies:<br \/>\nWie viele andere Webseiten verwenden wir auch so genannte \u201eCookies\u201c. Cookies sind kleine Textdateien, die von einem Webseitenserver auf Ihre Festplatte \u00fcbertragen werden. Hierdurch erhalten wir automatisch bestimmte Daten wie z. B. IP-Adresse, verwendeter Browser, Betriebssystem \u00fcber Ihren Computer und Ihre Verbindung zum Internet.<br \/>\nCookies k\u00f6nnen nicht verwendet werden, um Programme zu starten oder Viren auf einen Computer zu \u00fcbertragen. Anhand der in Cookies enthaltenen Informationen k\u00f6nnen wir Ihnen die Navigation erleichtern und die korrekte Anzeige unserer Webseiten erm\u00f6glichen.<br \/>\nIn keinem Fall werden die von uns erfassten Daten an Dritte weitergegeben oder ohne Ihre Einwilligung eine Verkn\u00fcpfung mit personenbezogenen Daten hergestellt.<br \/>\nNat\u00fcrlich k\u00f6nnen Sie unsere Website grunds\u00e4tzlich auch ohne Cookies betrachten. Internet-Browser sind regelm\u00e4\u00dfig so eingestellt, dass sie Cookies akzeptieren. Sie k\u00f6nnen die Verwendung von Cookies jederzeit \u00fcber die Einstellungen Ihres Browsers deaktivieren. Bitte verwenden Sie die Hilfefunktionen Ihres Internetbrowsers, um zu erfahren, wie Sie diese Einstellungen \u00e4ndern k\u00f6nnen. Bitte beachten Sie, dass einzelne Funktionen unserer Website m\u00f6glicherweise nicht funktionieren, wenn Sie die Verwendung von Cookies deaktiviert haben.<\/p>\n<p>3. SSL-Verschl\u00fcsselung:<br \/>\nUm die Sicherheit Ihrer Daten bei der \u00dcbertragung zu sch\u00fctzen, verwenden wir dem aktuellen Stand der Technik entsprechende Verschl\u00fcsselungsverfahren (z. B. SSL) \u00fcber HTTPS.<\/p>\n<p>4. Kontaktformular:<br \/>\nTreten Sie per E-Mail oder Kontaktformular mit uns in Kontakt, werden die von Ihnen gemachten Angaben zum Zwecke der Bearbeitung der Anfrage sowie f\u00fcr m\u00f6gliche Anschlussfragen gespeichert.<\/p>\n<p>5. L\u00f6schung bzw. Sperrung der Daten:<br \/>\nWir halten uns an die Grunds\u00e4tze der Datenvermeidung und Datensparsamkeit. Wir speichern Ihre personenbezogenen Daten daher nur so lange, wie dies zur Erreichung der hier genannten Zwecke erforderlich ist oder wie es die vom Gesetzgeber vorgesehenen vielf\u00e4ltigen Speicherfristen vorsehen. Nach Fortfall des jeweiligen Zweckes bzw. Ablauf dieser Fristen werden die entsprechenden Daten routinem\u00e4\u00dfig und entsprechend den gesetzlichen<br \/>\nVorschriften gesperrt oder gel\u00f6scht.<\/p>\n<p>6. Verwendung von Scriptbibliotheken (Google Webfonts):<br \/>\nUm unsere Inhalte browser\u00fcbergreifend korrekt und grafisch ansprechend darzustellen, verwenden wir auf dieser Website Scriptbibliotheken und Schriftbibliotheken wie z. B. Google Webfonts (https:\/\/www.google.com\/webfonts\/). Google Webfonts werden zur Vermeidung mehrfachen Ladens in den Cache Ihres Browsers \u00fcbertragen. Falls der Browser die Google Webfonts nicht unterst\u00fctzt oder den Zugriff unterbindet, werden Inhalte in einer Standardschrift angezeigt.<br \/>\nDer Aufruf von Scriptbibliotheken oder Schriftbibliotheken l\u00f6st automatisch eine Verbindung zum Betreiber der Bibliothek aus. Dabei ist es theoretisch m\u00f6glich \u2013 aktuell allerdings auch unklar ob und ggf. zu welchen Zwecken \u2013 dass Betreiber entsprechender Bibliotheken Daten erheben.<br \/>\nDie Datenschutzrichtlinie des Bibliothekbetreibers Google finden Sie hier: https:\/\/www.google.com\/policies\/privacy\/<\/p>\n<p>7. Eingebettete YouTube-Videos:<br \/>\nAuf einigen unserer Webseiten betten wir Youtube-Videos ein. Betreiber der entsprechenden Plugins ist die YouTube, LLC, 901 Cherry Ave., San Bruno, CA 94066, USA. Wenn Sie eine Seite mit dem YouTube-Plugin besuchen, wird eine Verbindung zu Servern von Youtube hergestellt. Dabei wird Youtube mitgeteilt, welche Seiten Sie besuchen. Wenn Sie in Ihrem Youtube-Account eingeloggt sind, kann Youtube Ihr Surfverhalten Ihnen pers\u00f6nlich zuzuordnen. Dies verhindern Sie, indem Sie sich vorher aus Ihrem Youtube-Account ausloggen.<br \/>\nWird ein Youtube-Video gestartet, setzt der Anbieter Cookies ein, die Hinweise \u00fcber das Nutzerverhalten sammeln.<br \/>\nWer das Speichern von Cookies f\u00fcr das Google-Ad-Programm deaktiviert hat, wird auch beim Anschauen von Youtube-Videos mit keinen solchen Cookies rechnen m\u00fcssen. Youtube legt aber auch in anderen Cookies nicht-personenbezogene Nutzungsinformationen ab. M\u00f6chten Sie dies verhindern, so m\u00fcssen Sie das Speichern von Cookies im Browser blockieren.<br \/>\nWeitere Informationen zum Datenschutz bei \u201eYoutube\u201c finden Sie in der Datenschutzerkl\u00e4rung des Anbieters unter: https:\/\/www.google.de\/intl\/de\/policies\/privacy\/<\/p>\n<p>8. Ihre Rechte auf Auskunft, Berichtigung, Sperre, L\u00f6schung und Widerspruch:<br \/>\nSie haben das Recht, jederzeit Auskunft \u00fcber Ihre bei uns gespeicherten personenbezogenen Daten zu erhalten. Ebenso haben Sie das Recht auf Berichtigung, Sperrung oder, abgesehen von der vorgeschriebenen Datenspeicherung zur Gesch\u00e4ftsabwicklung, L\u00f6schung Ihrer personenbezogenen Daten. Bitte wenden Sie sich dazu an uns. Die Kontaktdaten finden Sie ganz unten.<br \/>\nDamit eine Sperre von Daten jederzeit ber\u00fccksichtigt werden kann, m\u00fcssen diese Daten zu Kontrollzwecken in einer Sperrdatei vorgehalten werden. Sie k\u00f6nnen auch die L\u00f6schung der Daten verlangen, soweit keine gesetzliche Archivierungsverpflichtung besteht. Soweit eine solche Verpflichtung besteht, sperren wir Ihre Daten auf Wunsch.<br \/>\nSie k\u00f6nnen \u00c4nderungen oder den Widerruf einer Einwilligung durch entsprechende Mitteilung an uns mit Wirkung f\u00fcr die Zukunft vornehmen.<\/p>\n<p>9. \u00c4nderung unserer Datenschutzbestimmungen:<br \/>\nWir behalten uns vor, diese Datenschutzerkl\u00e4rung gelegentlich anzupassen, damit sie stets den aktuellen rechtlichen Anforderungen entspricht oder um \u00c4nderungen unserer Leistungen in der Datenschutzerkl\u00e4rung umzusetzen, z. B. bei der Einf\u00fchrung neuer Services. F\u00fcr Ihren erneuten Besuch gilt dann die neue Datenschutzerkl\u00e4rung.<\/p>\n<p>10. Fragen zum Datenschutz:<br \/>\nWenn Sie Fragen zum Datenschutz haben, schreiben Sie uns bitte eine E-Mail oder wenden Sie sich direkt an uns:<\/p>\n<p>VfL Fluorn Fu\u00dfball 1924 e.V.<br \/>\nSportplatzweg 4<br \/>\n78737 Fluorn-Winzeln<\/p>\n<p>Telefon: + 49 (0) 7402 8165<br \/>\nE-Mail: info@vfl-fluorn-fussball.de<br \/>\nInternet: http:\/\/www.vfl-fluorn-fussball.de<\/p>\n<p>Die Datenschutzerkl\u00e4rung wurde mit dem Datenschutzerkl\u00e4rungs-Generator der activeMind AG erstellt.<\/p>\n<p>reCAPTCHA<br \/>\nZum Schutz Ihrer Anfragen per Internetformular verwenden wir den Dienst reCAPTCHA des Unternehmens Google Inc. (Google). Die Abfrage dient der Unterscheidung, ob die Eingabe durch einen Menschen oder missbr\u00e4uchlich durch automatisierte, maschinelle Verarbeitung erfolgt. Die Abfrage schlie\u00dft den Versand der IP-Adresse und ggf. weiterer von Google f\u00fcr den Dienst reCAPTCHA ben\u00f6tigter Daten an Google ein. Zu diesem Zweck wird Ihre Eingabe an Google \u00fcbermittelt und dort weiter verwendet. Ihre IP-Adresse wird von Google jedoch innerhalb von Mitgliedstaaten der Europ\u00e4ischen Union oder in anderen Vertragsstaaten des Abkommens \u00fcber den Europ\u00e4ischen Wirtschaftsraum zuvor gek\u00fcrzt. Nur in Ausnahmef\u00e4llen wird die volle IP-Adresse an einen Server von Google in den USA \u00fcbertragen und dort gek\u00fcrzt. Im Auftrag des Betreibers dieser Website wird Google diese Informationen benutzen, um Ihre Nutzung dieses Dienstes auszuwerten. Die im Rahmen von reCaptcha von Ihrem Browser \u00fcbermittelte IP-Adresse wird nicht mit anderen Daten von Google zusammengef\u00fchrt. F\u00fcr diese Daten gelten die abweichenden Datenschutzbestimmungen des Unternehmens Google. Weitere Informationen zu den Datenschutzrichtlinien von Google finden Sie unter: https:\/\/www.google.com\/intl\/de\/policies\/privacy\/<\/p>\n<\/div>\n<\/div>\n<\/div>\n<\/div>\n<\/div>\n","protected":false},"excerpt":{"rendered":"<p>Datenschutz Datenschutzerkl\u00e4rung: Verantwortliche Stelle im Sinne der Datenschutzgesetze ist: Anschrift: VfL Fluorn Fu\u00dfball 1924 e.V. Sportplatzweg 4 78737 Fluorn-Winzeln Telefon: + 49 (0) 7402 8165 E-Mail: info@vfl-fluorn-fussball.de Internet: http:\/\/www.vfl-fluorn-fussball.de Vertretungsberechtigte Vorst\u00e4nde gem. \u00a7 26 BGB: Sven Pfau, Katja Maier, Christoph Pross Registergericht: Amtsgericht Stuttgart Registernummer: VR 48-603 1. Erfassung allgemeiner Informationen: Wenn Sie auf unsere Webseite zugreifen, werden automatisch Informationen allgemeiner Natur erfasst. Diese Informationen (Server-Logfiles) beinhalten etwa die Art des Webbrowsers, das verwendete Betriebssystem, den Domainnamen Ihres Internet Service Providers und \u00c4hnliches. Hierbei handelt es sich ausschlie\u00dflich um Informationen, welche keine R\u00fcckschl\u00fcsse auf Ihre Person zulassen. Diese Informationen sind technisch notwendig, um von Ihnen angeforderte Inhalte von Webseiten korrekt [&hellip;]<\/p>\n","protected":false},"author":4,"featured_media":0,"parent":0,"menu_order":0,"comment_status":"closed","ping_status":"closed","template":"page_front-page.php","meta":{"footnotes":""},"class_list":["post-2643","page","type-page","status-publish","hentry"],"yoast_head":"<!-- This site is optimized with the Yoast SEO plugin v27.3 - https:\/\/yoast.com\/product\/yoast-seo-wordpress\/ -->\n<title>Datenschutz - VfL Fluorn Fu\u00dfball 1924 e.V.<\/title>\n<meta name=\"robots\" content=\"index, follow, max-snippet:-1, max-image-preview:large, max-video-preview:-1\" \/>\n<link rel=\"canonical\" href=\"https:\/\/www.vfl-fluorn-fussball.de\/wordpress\/datenschutz\/\" \/>\n<meta property=\"og:locale\" content=\"de_DE\" \/>\n<meta property=\"og:type\" content=\"article\" \/>\n<meta property=\"og:title\" content=\"Datenschutz - VfL Fluorn Fu\u00dfball 1924 e.V.\" \/>\n<meta property=\"og:description\" content=\"Datenschutz Datenschutzerkl\u00e4rung: Verantwortliche Stelle im Sinne der Datenschutzgesetze ist: Anschrift: VfL Fluorn Fu\u00dfball 1924 e.V. Sportplatzweg 4 78737 Fluorn-Winzeln Telefon: + 49 (0) 7402 8165 E-Mail: info@vfl-fluorn-fussball.de Internet: http:\/\/www.vfl-fluorn-fussball.de Vertretungsberechtigte Vorst\u00e4nde gem. \u00a7 26 BGB: Sven Pfau, Katja Maier, Christoph Pross Registergericht: Amtsgericht Stuttgart Registernummer: VR 48-603 1. Erfassung allgemeiner Informationen: Wenn Sie auf unsere Webseite zugreifen, werden automatisch Informationen allgemeiner Natur erfasst. Diese Informationen (Server-Logfiles) beinhalten etwa die Art des Webbrowsers, das verwendete Betriebssystem, den Domainnamen Ihres Internet Service Providers und \u00c4hnliches. Hierbei handelt es sich ausschlie\u00dflich um Informationen, welche keine R\u00fcckschl\u00fcsse auf Ihre Person zulassen. Diese Informationen sind technisch notwendig, um von Ihnen angeforderte Inhalte von Webseiten korrekt [&hellip;]\" \/>\n<meta property=\"og:url\" content=\"https:\/\/www.vfl-fluorn-fussball.de\/wordpress\/datenschutz\/\" \/>\n<meta property=\"og:site_name\" content=\"VfL Fluorn Fu\u00dfball 1924 e.V.\" \/>\n<meta property=\"article:publisher\" content=\"https:\/\/de-de.facebook.com\/p\/Vfl-Fluorn-1924-eV-100036848576053\/\" \/>\n<meta property=\"article:modified_time\" content=\"2021-01-30T12:23:55+00:00\" \/>\n<meta property=\"og:image\" content=\"https:\/\/www.vfl-fluorn-fussball.de\/wordpress\/wp-content\/uploads\/2023\/12\/HeaderWMSponsors4_final-1024x576.png\" \/>\n\t<meta property=\"og:image:width\" content=\"1024\" \/>\n\t<meta property=\"og:image:height\" content=\"576\" \/>\n\t<meta property=\"og:image:type\" content=\"image\/png\" \/>\n<meta name=\"twitter:label1\" content=\"Gesch\u00e4tzte Lesezeit\" \/>\n\t<meta name=\"twitter:data1\" content=\"6\u00a0Minuten\" \/>\n<script type=\"application\/ld+json\" class=\"yoast-schema-graph\">{\"@context\":\"https:\\\/\\\/schema.org\",\"@graph\":[{\"@type\":\"WebPage\",\"@id\":\"https:\\\/\\\/www.vfl-fluorn-fussball.de\\\/wordpress\\\/datenschutz\\\/\",\"url\":\"https:\\\/\\\/www.vfl-fluorn-fussball.de\\\/wordpress\\\/datenschutz\\\/\",\"name\":\"Datenschutz - VfL Fluorn Fu\u00dfball 1924 e.V.\",\"isPartOf\":{\"@id\":\"https:\\\/\\\/www.vfl-fluorn-fussball.de\\\/wordpress\\\/#website\"},\"datePublished\":\"2018-05-25T18:21:58+00:00\",\"dateModified\":\"2021-01-30T12:23:55+00:00\",\"breadcrumb\":{\"@id\":\"https:\\\/\\\/www.vfl-fluorn-fussball.de\\\/wordpress\\\/datenschutz\\\/#breadcrumb\"},\"inLanguage\":\"de\",\"potentialAction\":[{\"@type\":\"ReadAction\",\"target\":[\"https:\\\/\\\/www.vfl-fluorn-fussball.de\\\/wordpress\\\/datenschutz\\\/\"]}]},{\"@type\":\"BreadcrumbList\",\"@id\":\"https:\\\/\\\/www.vfl-fluorn-fussball.de\\\/wordpress\\\/datenschutz\\\/#breadcrumb\",\"itemListElement\":[{\"@type\":\"ListItem\",\"position\":1,\"name\":\"Home\",\"item\":\"https:\\\/\\\/www.vfl-fluorn-fussball.de\\\/wordpress\\\/\"},{\"@type\":\"ListItem\",\"position\":2,\"name\":\"Datenschutz\"}]},{\"@type\":\"WebSite\",\"@id\":\"https:\\\/\\\/www.vfl-fluorn-fussball.de\\\/wordpress\\\/#website\",\"url\":\"https:\\\/\\\/www.vfl-fluorn-fussball.de\\\/wordpress\\\/\",\"name\":\"VfL Fluorn Fu\u00dfball 1924 e.V.\",\"description\":\"Mein Freund ist aus Leder\",\"publisher\":{\"@id\":\"https:\\\/\\\/www.vfl-fluorn-fussball.de\\\/wordpress\\\/#organization\"},\"potentialAction\":[{\"@type\":\"SearchAction\",\"target\":{\"@type\":\"EntryPoint\",\"urlTemplate\":\"https:\\\/\\\/www.vfl-fluorn-fussball.de\\\/wordpress\\\/?s={search_term_string}\"},\"query-input\":{\"@type\":\"PropertyValueSpecification\",\"valueRequired\":true,\"valueName\":\"search_term_string\"}}],\"inLanguage\":\"de\"},{\"@type\":\"Organization\",\"@id\":\"https:\\\/\\\/www.vfl-fluorn-fussball.de\\\/wordpress\\\/#organization\",\"name\":\"VfL Fluorn Fu\u00dfball 1924 e.V.\",\"url\":\"https:\\\/\\\/www.vfl-fluorn-fussball.de\\\/wordpress\\\/\",\"logo\":{\"@type\":\"ImageObject\",\"inLanguage\":\"de\",\"@id\":\"https:\\\/\\\/www.vfl-fluorn-fussball.de\\\/wordpress\\\/#\\\/schema\\\/logo\\\/image\\\/\",\"url\":\"https:\\\/\\\/www.vfl-fluorn-fussball.de\\\/wordpress\\\/wp-content\\\/uploads\\\/2023\\\/12\\\/VfLLogoOhneHintergrund.png\",\"contentUrl\":\"https:\\\/\\\/www.vfl-fluorn-fussball.de\\\/wordpress\\\/wp-content\\\/uploads\\\/2023\\\/12\\\/VfLLogoOhneHintergrund.png\",\"width\":963,\"height\":963,\"caption\":\"VfL Fluorn Fu\u00dfball 1924 e.V.\"},\"image\":{\"@id\":\"https:\\\/\\\/www.vfl-fluorn-fussball.de\\\/wordpress\\\/#\\\/schema\\\/logo\\\/image\\\/\"},\"sameAs\":[\"https:\\\/\\\/de-de.facebook.com\\\/p\\\/Vfl-Fluorn-1924-eV-100036848576053\\\/\"]}]}<\/script>\n<!-- \/ Yoast SEO plugin. -->","yoast_head_json":{"title":"Datenschutz - VfL Fluorn Fu\u00dfball 1924 e.V.","robots":{"index":"index","follow":"follow","max-snippet":"max-snippet:-1","max-image-preview":"max-image-preview:large","max-video-preview":"max-video-preview:-1"},"canonical":"https:\/\/www.vfl-fluorn-fussball.de\/wordpress\/datenschutz\/","og_locale":"de_DE","og_type":"article","og_title":"Datenschutz - VfL Fluorn Fu\u00dfball 1924 e.V.","og_description":"Datenschutz Datenschutzerkl\u00e4rung: Verantwortliche Stelle im Sinne der Datenschutzgesetze ist: Anschrift: VfL Fluorn Fu\u00dfball 1924 e.V. Sportplatzweg 4 78737 Fluorn-Winzeln Telefon: + 49 (0) 7402 8165 E-Mail: info@vfl-fluorn-fussball.de Internet: http:\/\/www.vfl-fluorn-fussball.de Vertretungsberechtigte Vorst\u00e4nde gem. \u00a7 26 BGB: Sven Pfau, Katja Maier, Christoph Pross Registergericht: Amtsgericht Stuttgart Registernummer: VR 48-603 1. Erfassung allgemeiner Informationen: Wenn Sie auf unsere Webseite zugreifen, werden automatisch Informationen allgemeiner Natur erfasst. Diese Informationen (Server-Logfiles) beinhalten etwa die Art des Webbrowsers, das verwendete Betriebssystem, den Domainnamen Ihres Internet Service Providers und \u00c4hnliches. Hierbei handelt es sich ausschlie\u00dflich um Informationen, welche keine R\u00fcckschl\u00fcsse auf Ihre Person zulassen. Diese Informationen sind technisch notwendig, um von Ihnen angeforderte Inhalte von Webseiten korrekt [&hellip;]","og_url":"https:\/\/www.vfl-fluorn-fussball.de\/wordpress\/datenschutz\/","og_site_name":"VfL Fluorn Fu\u00dfball 1924 e.V.","article_publisher":"https:\/\/de-de.facebook.com\/p\/Vfl-Fluorn-1924-eV-100036848576053\/","article_modified_time":"2021-01-30T12:23:55+00:00","og_image":[{"width":1024,"height":576,"url":"https:\/\/www.vfl-fluorn-fussball.de\/wordpress\/wp-content\/uploads\/2023\/12\/HeaderWMSponsors4_final-1024x576.png","type":"image\/png"}],"twitter_misc":{"Gesch\u00e4tzte Lesezeit":"6\u00a0Minuten"},"schema":{"@context":"https:\/\/schema.org","@graph":[{"@type":"WebPage","@id":"https:\/\/www.vfl-fluorn-fussball.de\/wordpress\/datenschutz\/","url":"https:\/\/www.vfl-fluorn-fussball.de\/wordpress\/datenschutz\/","name":"Datenschutz - VfL Fluorn Fu\u00dfball 1924 e.V.","isPartOf":{"@id":"https:\/\/www.vfl-fluorn-fussball.de\/wordpress\/#website"},"datePublished":"2018-05-25T18:21:58+00:00","dateModified":"2021-01-30T12:23:55+00:00","breadcrumb":{"@id":"https:\/\/www.vfl-fluorn-fussball.de\/wordpress\/datenschutz\/#breadcrumb"},"inLanguage":"de","potentialAction":[{"@type":"ReadAction","target":["https:\/\/www.vfl-fluorn-fussball.de\/wordpress\/datenschutz\/"]}]},{"@type":"BreadcrumbList","@id":"https:\/\/www.vfl-fluorn-fussball.de\/wordpress\/datenschutz\/#breadcrumb","itemListElement":[{"@type":"ListItem","position":1,"name":"Home","item":"https:\/\/www.vfl-fluorn-fussball.de\/wordpress\/"},{"@type":"ListItem","position":2,"name":"Datenschutz"}]},{"@type":"WebSite","@id":"https:\/\/www.vfl-fluorn-fussball.de\/wordpress\/#website","url":"https:\/\/www.vfl-fluorn-fussball.de\/wordpress\/","name":"VfL Fluorn Fu\u00dfball 1924 e.V.","description":"Mein Freund ist aus Leder","publisher":{"@id":"https:\/\/www.vfl-fluorn-fussball.de\/wordpress\/#organization"},"potentialAction":[{"@type":"SearchAction","target":{"@type":"EntryPoint","urlTemplate":"https:\/\/www.vfl-fluorn-fussball.de\/wordpress\/?s={search_term_string}"},"query-input":{"@type":"PropertyValueSpecification","valueRequired":true,"valueName":"search_term_string"}}],"inLanguage":"de"},{"@type":"Organization","@id":"https:\/\/www.vfl-fluorn-fussball.de\/wordpress\/#organization","name":"VfL Fluorn Fu\u00dfball 1924 e.V.","url":"https:\/\/www.vfl-fluorn-fussball.de\/wordpress\/","logo":{"@type":"ImageObject","inLanguage":"de","@id":"https:\/\/www.vfl-fluorn-fussball.de\/wordpress\/#\/schema\/logo\/image\/","url":"https:\/\/www.vfl-fluorn-fussball.de\/wordpress\/wp-content\/uploads\/2023\/12\/VfLLogoOhneHintergrund.png","contentUrl":"https:\/\/www.vfl-fluorn-fussball.de\/wordpress\/wp-content\/uploads\/2023\/12\/VfLLogoOhneHintergrund.png","width":963,"height":963,"caption":"VfL Fluorn Fu\u00dfball 1924 e.V."},"image":{"@id":"https:\/\/www.vfl-fluorn-fussball.de\/wordpress\/#\/schema\/logo\/image\/"},"sameAs":["https:\/\/de-de.facebook.com\/p\/Vfl-Fluorn-1924-eV-100036848576053\/"]}]}},"_links":{"self":[{"href":"https:\/\/www.vfl-fluorn-fussball.de\/wordpress\/wp-json\/wp\/v2\/pages\/2643","targetHints":{"allow":["GET"]}}],"collection":[{"href":"https:\/\/www.vfl-fluorn-fussball.de\/wordpress\/wp-json\/wp\/v2\/pages"}],"about":[{"href":"https:\/\/www.vfl-fluorn-fussball.de\/wordpress\/wp-json\/wp\/v2\/types\/page"}],"author":[{"embeddable":true,"href":"https:\/\/www.vfl-fluorn-fussball.de\/wordpress\/wp-json\/wp\/v2\/users\/4"}],"replies":[{"embeddable":true,"href":"https:\/\/www.vfl-fluorn-fussball.de\/wordpress\/wp-json\/wp\/v2\/comments?post=2643"}],"version-history":[{"count":8,"href":"https:\/\/www.vfl-fluorn-fussball.de\/wordpress\/wp-json\/wp\/v2\/pages\/2643\/revisions"}],"predecessor-version":[{"id":3648,"href":"https:\/\/www.vfl-fluorn-fussball.de\/wordpress\/wp-json\/wp\/v2\/pages\/2643\/revisions\/3648"}],"wp:attachment":[{"href":"https:\/\/www.vfl-fluorn-fussball.de\/wordpress\/wp-json\/wp\/v2\/media?parent=2643"}],"curies":[{"name":"wp","href":"https:\/\/api.w.org\/{rel}","templated":true}]}}