{"id":30,"date":"2014-10-06T18:47:57","date_gmt":"2014-10-06T16:47:57","guid":{"rendered":"http:\/\/www.vfl-fluorn-fussball.de\/wordpress\/?page_id=30"},"modified":"2019-03-11T18:44:33","modified_gmt":"2019-03-11T16:44:33","slug":"jugendfussball","status":"publish","type":"page","link":"https:\/\/www.vfl-fluorn-fussball.de\/wordpress\/jugendfussball\/","title":{"rendered":"Jugendfussball"},"content":{"rendered":"<div id=\"pl-30\"  class=\"panel-layout\" ><div id=\"pg-30-0\"  class=\"panel-grid panel-no-style\" ><div id=\"pgc-30-0-0\"  class=\"panel-grid-cell\" ><div id=\"panel-30-0-0-0\" class=\"so-panel widget widget_moesia_services moesia_services_widget panel-first-child panel-last-child\" data-index=\"0\" >\t\t<section id=\"services\" class=\"services-area\">\n\t\t\t<div class=\"container\">\n\t\t\t\t<h3 class=\"widget-title\"><span class=\"wow bounce\">Jugendarbeit<\/span><\/h3>\t\t\t\t\t\t\t\t\t\t\t\t\t\t\t\t\t\t\t<div class=\"service col-md-4 col-sm-6 col-xs-6\">\n\t\t\t\t\t\t\t\t\t\t\t\t\t\t\t\t\t\t\t\t<span class=\"service-icon wow zoomInDown\"><i class=\"fa fa-soccer-ball-o\"><\/i><\/span>\t\t\t\t\t\t\t\t\t\t\t\t<h4 class=\"service-title wow fadeInUp\">A-Jugend<\/h4><div class=\"service-desc wow fadeInUp\">&nbsp;\r\n\r\n<span style=\"color: #ffffff;\">Federf\u00fchrung: SV Waldm\u00f6ssingen<\/span>\r\n\r\n<hr \/>\r\n\r\n<span style=\"color: #ffffff;\">Trainer: Jannik Aichele, Tim Bantle<\/span>\r\n\r\n<hr \/>\r\n\r\n<span style=\"color: #ffffff;\">Trainingszeiten:\u00a0Di. und Do. 19:00-20:30 Uhr in Waldm\u00f6ssingen<\/span><\/div>\t\t\t\t\t<\/div>\n\t\t\t\t\t\t\t\t\t\t\t\t\t\t\t\t\t\t\t<div class=\"service col-md-4 col-sm-6 col-xs-6\">\n\t\t\t\t\t\t\t\t\t\t\t\t\t\t\t\t\t\t\t\t<span class=\"service-icon wow zoomInDown\"><i class=\"fa fa-soccer-ball-o\"><\/i><\/span>\t\t\t\t\t\t\t\t\t\t\t\t<h4 class=\"service-title wow fadeInUp\">B-Jugend<\/h4><div class=\"service-desc wow fadeInUp\"><span style=\"color: #ffffff;\">Federf\u00fchrung: VfL Fluorn<\/span>\r\n\r\n<hr \/>\r\n\r\n<span style=\"color: #ffffff;\">Trainer: Peter Hammerdinger, Kai Hezel<\/span>\r\n\r\n<hr \/>\r\n\r\n<span style=\"color: #ffffff;\">Trainingszeiten:  Montags und Donnerstags 19:00 - 20:30 Uhr in Fluorn<\/span><\/div>\t\t\t\t\t<\/div>\n\t\t\t\t\t\t\t\t\t\t\t\t\t\t\t\t\t\t\t<div class=\"service col-md-4 col-sm-6 col-xs-6\">\n\t\t\t\t\t\t\t\t\t\t\t\t\t\t\t\t\t\t\t\t<span class=\"service-icon wow zoomInDown\"><i class=\"fa fa-soccer-ball-o\"><\/i><\/span>\t\t\t\t\t\t\t\t\t\t\t\t<h4 class=\"service-title wow fadeInUp\">C-Jugend<\/h4><div class=\"service-desc wow fadeInUp\">&nbsp;\r\n\r\n<span style=\"color: #ffffff;\">Federf\u00fchrung: SV Winzeln<\/span>\r\n\r\n<hr \/>\r\n\r\n<span style=\"color: #ffffff;\">Trainer: Gerd Holzner, Markus Langenbacher, Wolf Ernst, Michael King<\/span>\r\n\r\n<hr \/>\r\n\r\n<span style=\"color: #ffffff;\">Trainingszeiten:\u00a0Dienstags in WaM\u00f6 und Donnerstag in Winzeln 18:00 - 19:30 Uhr<\/span><\/div>\t\t\t\t\t<\/div>\n\t\t\t\t\t\t\t\t\t\t\t\t\t\t\t\t\t\t\t<div class=\"service col-md-4 col-sm-6 col-xs-6\">\n\t\t\t\t\t\t\t\t\t\t\t\t\t\t\t\t\t\t\t\t<span class=\"service-icon wow zoomInDown\"><i class=\"fa fa-soccer-ball-o\"><\/i><\/span>\t\t\t\t\t\t\t\t\t\t\t\t<h4 class=\"service-title wow fadeInUp\">D-Jugend<\/h4><div class=\"service-desc wow fadeInUp\">&nbsp;\r\n\r\n<span style=\"color: #ffffff;\">Federf\u00fchrung: SV Winzeln<\/span>\r\n\r\n<hr \/>\r\n\r\n<span style=\"color: #ffffff;\">Trainer: Mika Schmid, Matthias Scheer, Didi Bantle, Bernd Nahrgang, Daniel Ade<\/span>\r\n\r\n<hr \/>\r\n\r\n<span style=\"color: #ffffff;\">Trainingszeiten: Dienstags und Donnerstags 17:30 - 19:00 Uhr in Winzeln<\/span>\r\n\r\n&nbsp;<\/div>\t\t\t\t\t<\/div>\n\t\t\t\t\t\t\t\t\t\t\t\t\t\t\t\t\t\t\t<div class=\"service col-md-4 col-sm-6 col-xs-6\">\n\t\t\t\t\t\t\t\t\t\t\t\t\t\t\t\t\t\t\t\t<span class=\"service-icon wow zoomInDown\"><i class=\"fa fa-soccer-ball-o\"><\/i><\/span>\t\t\t\t\t\t\t\t\t\t\t\t<h4 class=\"service-title wow fadeInUp\">E-Jugend<\/h4><div class=\"service-desc wow fadeInUp\">&nbsp;\r\n\r\n<span style=\"color: #ffffff;\">Federf\u00fchrung: SV Winzeln<\/span>\r\n\r\n<hr \/>\r\n\r\n<span style=\"color: #ffffff;\">Trainer:\u00a0Michael Heinzelmann, Ale el Kontar, Jose Miguel, Sven Reuter<\/span>\r\n\r\n<hr \/>\r\n\r\n<span style=\"color: #ffffff;\">Trainingszeiten: Montags und Mittwochs 17:45 - 19:15 Uhr in Winzeln<\/span><\/div>\t\t\t\t\t<\/div>\n\t\t\t\t\t\t\t\t\t\t\t\t\t\t\t\t\t\t\t<div class=\"service col-md-4 col-sm-6 col-xs-6\">\n\t\t\t\t\t\t\t\t\t\t\t\t\t\t\t\t\t\t\t\t<span class=\"service-icon wow zoomInDown\"><i class=\"fa fa-soccer-ball-o\"><\/i><\/span>\t\t\t\t\t\t\t\t\t\t\t\t<h4 class=\"service-title wow fadeInUp\">F-Jugend<\/h4><div class=\"service-desc wow fadeInUp\"><span style=\"color: #ffffff;\">Federf\u00fchrung: SV Winzeln<\/span>\r\n\r\n<hr \/>\r\n\r\n<span style=\"color: #ffffff;\">Trainer: Raphael Jauch, Jan Klix, Lias Langenbacher, Daniel Heim<\/span>\r\n\r\n<hr \/>\r\n\r\n<span style=\"color: #ffffff;\">Trainingszeiten: Freitags 17:30 - 19:00 Uhr (Hinrunde in Fluorn, R\u00fcckrunde in Winzeln)<\/span><\/div>\t\t\t\t\t<\/div>\n\t\t\t\t\t\t\t\t\t\t\t\t\t\t\t\t\t\t\t<div class=\"service col-md-4 col-sm-6 col-xs-6\">\n\t\t\t\t\t\t\t\t\t\t\t\t\t\t\t\t\t\t\t\t<span class=\"service-icon wow zoomInDown\"><i class=\"fa fa-soccer-ball-o\"><\/i><\/span>\t\t\t\t\t\t\t\t\t\t\t\t<h4 class=\"service-title wow fadeInUp\">Bambini<\/h4><div class=\"service-desc wow fadeInUp\">&nbsp;\r\n\r\n<span style=\"color: #ffffff;\">Federf\u00fchrung: VfL Fluorn<\/span>\r\n\r\n<hr \/>\r\n\r\n<span style=\"color: #ffffff;\">Trainer: Martin Aichholz, Alex Ott, Daniel Arnold<\/span>\r\n\r\n<hr \/>\r\n\r\n<span style=\"color: #ffffff;\">Trainingszeiten: Mittwochs 17:30 - 18:30 in Fluorn<\/span><\/div>\t\t\t\t\t<\/div>\n\t\t\t\t\t\t\t<\/div>\n\t\t\t\t\t\t\t\t<style type=\"text\/css\">\n\t\t\t\t.services-area {\n\t\t\t\t    display: block;\t\t\t    \n\t\t\t\t\tbackground: url(http:\/\/www.vfl-fluorn-fussball.de\/wordpress\/wp-content\/uploads\/2014\/11\/20140720-untitled-DSC01166-34-of-82.jpg) no-repeat;\n\t\t\t\t\tbackground-position: center top;\n\t\t\t\t\tbackground-attachment: fixed;\n\t\t\t\t\tbackground-size: cover;\n\t\t\t\t\tz-index: -1;\n\t\t\t\t}\n\t\t\t\t.service {\n\t\t\t\t\tbackground-color: rgba(0,0,0,0.6);\n\t\t\t\t\tborder-right: 1px solid #5E5E5E;\n\t\t\t\t}\n\t\t\t\t.service:nth-of-type(3),\n\t\t\t\t.service:nth-of-type(6),\n\t\t\t\t.service:nth-of-type(7) {\n\t\t\t\t\tborder-right: 0;\n\t\t\t\t}\t\n\t\t\t<\/style>\n\t\t\t\t\t\t\n\t\t<\/section>\t\t\n\t<\/div><\/div><\/div><\/div>","protected":false},"excerpt":{"rendered":"<p>Jugendarbeit A-Jugend&nbsp; Federf\u00fchrung: SV Waldm\u00f6ssingen Trainer: Jannik Aichele, Tim Bantle Trainingszeiten:\u00a0Di. und Do. 19:00-20:30 Uhr in Waldm\u00f6ssingen B-JugendFederf\u00fchrung: VfL Fluorn Trainer: Peter Hammerdinger, Kai Hezel Trainingszeiten: Montags und Donnerstags 19:00 &#8211; 20:30 Uhr in Fluorn C-Jugend&nbsp; Federf\u00fchrung: SV Winzeln Trainer: Gerd Holzner, Markus Langenbacher, Wolf Ernst, Michael King Trainingszeiten:\u00a0Dienstags in WaM\u00f6 und Donnerstag in Winzeln 18:00 &#8211; 19:30 Uhr D-Jugend&nbsp; Federf\u00fchrung: SV Winzeln Trainer: Mika Schmid, Matthias Scheer, Didi Bantle, Bernd Nahrgang, Daniel Ade Trainingszeiten: Dienstags und Donnerstags 17:30 &#8211; 19:00 Uhr in Winzeln &nbsp; E-Jugend&nbsp; Federf\u00fchrung: SV Winzeln Trainer:\u00a0Michael Heinzelmann, Ale el Kontar, Jose Miguel, Sven Reuter Trainingszeiten: Montags und Mittwochs 17:45 &#8211; 19:15 Uhr in Winzeln F-JugendFederf\u00fchrung: SV [&hellip;]<\/p>\n","protected":false},"author":2,"featured_media":0,"parent":0,"menu_order":4,"comment_status":"open","ping_status":"closed","template":"page_front-page.php","meta":{"footnotes":""},"class_list":["post-30","page","type-page","status-publish","hentry"],"yoast_head":"<!-- This site is optimized with the Yoast SEO plugin v27.3 - https:\/\/yoast.com\/product\/yoast-seo-wordpress\/ -->\n<title>Jugendfussball - VfL Fluorn Fu\u00dfball 1924 e.V.<\/title>\n<meta name=\"robots\" content=\"index, follow, max-snippet:-1, max-image-preview:large, max-video-preview:-1\" \/>\n<link rel=\"canonical\" href=\"https:\/\/www.vfl-fluorn-fussball.de\/wordpress\/jugendfussball\/\" \/>\n<meta property=\"og:locale\" content=\"de_DE\" \/>\n<meta property=\"og:type\" content=\"article\" \/>\n<meta property=\"og:title\" content=\"Jugendfussball - VfL Fluorn Fu\u00dfball 1924 e.V.\" \/>\n<meta property=\"og:description\" content=\"Jugendarbeit A-Jugend&nbsp; Federf\u00fchrung: SV Waldm\u00f6ssingen Trainer: Jannik Aichele, Tim Bantle Trainingszeiten:\u00a0Di. und Do. 19:00-20:30 Uhr in Waldm\u00f6ssingen B-JugendFederf\u00fchrung: VfL Fluorn Trainer: Peter Hammerdinger, Kai Hezel Trainingszeiten: Montags und Donnerstags 19:00 - 20:30 Uhr in Fluorn C-Jugend&nbsp; Federf\u00fchrung: SV Winzeln Trainer: Gerd Holzner, Markus Langenbacher, Wolf Ernst, Michael King Trainingszeiten:\u00a0Dienstags in WaM\u00f6 und Donnerstag in Winzeln 18:00 - 19:30 Uhr D-Jugend&nbsp; Federf\u00fchrung: SV Winzeln Trainer: Mika Schmid, Matthias Scheer, Didi Bantle, Bernd Nahrgang, Daniel Ade Trainingszeiten: Dienstags und Donnerstags 17:30 - 19:00 Uhr in Winzeln &nbsp; E-Jugend&nbsp; Federf\u00fchrung: SV Winzeln Trainer:\u00a0Michael Heinzelmann, Ale el Kontar, Jose Miguel, Sven Reuter Trainingszeiten: Montags und Mittwochs 17:45 - 19:15 Uhr in Winzeln F-JugendFederf\u00fchrung: SV [&hellip;]\" \/>\n<meta property=\"og:url\" content=\"https:\/\/www.vfl-fluorn-fussball.de\/wordpress\/jugendfussball\/\" \/>\n<meta property=\"og:site_name\" content=\"VfL Fluorn Fu\u00dfball 1924 e.V.\" \/>\n<meta property=\"article:publisher\" content=\"https:\/\/de-de.facebook.com\/p\/Vfl-Fluorn-1924-eV-100036848576053\/\" \/>\n<meta property=\"article:modified_time\" content=\"2019-03-11T16:44:33+00:00\" \/>\n<meta property=\"og:image\" content=\"https:\/\/www.vfl-fluorn-fussball.de\/wordpress\/wp-content\/uploads\/2023\/12\/HeaderWMSponsors4_final-1024x576.png\" \/>\n\t<meta property=\"og:image:width\" content=\"1024\" \/>\n\t<meta property=\"og:image:height\" content=\"576\" \/>\n\t<meta property=\"og:image:type\" content=\"image\/png\" \/>\n<meta name=\"twitter:label1\" content=\"Gesch\u00e4tzte Lesezeit\" \/>\n\t<meta name=\"twitter:data1\" content=\"1\u00a0Minute\" \/>\n<script type=\"application\/ld+json\" class=\"yoast-schema-graph\">{\"@context\":\"https:\\\/\\\/schema.org\",\"@graph\":[{\"@type\":\"WebPage\",\"@id\":\"https:\\\/\\\/www.vfl-fluorn-fussball.de\\\/wordpress\\\/jugendfussball\\\/\",\"url\":\"https:\\\/\\\/www.vfl-fluorn-fussball.de\\\/wordpress\\\/jugendfussball\\\/\",\"name\":\"Jugendfussball - VfL Fluorn Fu\u00dfball 1924 e.V.\",\"isPartOf\":{\"@id\":\"https:\\\/\\\/www.vfl-fluorn-fussball.de\\\/wordpress\\\/#website\"},\"datePublished\":\"2014-10-06T16:47:57+00:00\",\"dateModified\":\"2019-03-11T16:44:33+00:00\",\"breadcrumb\":{\"@id\":\"https:\\\/\\\/www.vfl-fluorn-fussball.de\\\/wordpress\\\/jugendfussball\\\/#breadcrumb\"},\"inLanguage\":\"de\",\"potentialAction\":[{\"@type\":\"ReadAction\",\"target\":[\"https:\\\/\\\/www.vfl-fluorn-fussball.de\\\/wordpress\\\/jugendfussball\\\/\"]}]},{\"@type\":\"BreadcrumbList\",\"@id\":\"https:\\\/\\\/www.vfl-fluorn-fussball.de\\\/wordpress\\\/jugendfussball\\\/#breadcrumb\",\"itemListElement\":[{\"@type\":\"ListItem\",\"position\":1,\"name\":\"Home\",\"item\":\"https:\\\/\\\/www.vfl-fluorn-fussball.de\\\/wordpress\\\/\"},{\"@type\":\"ListItem\",\"position\":2,\"name\":\"Jugendfussball\"}]},{\"@type\":\"WebSite\",\"@id\":\"https:\\\/\\\/www.vfl-fluorn-fussball.de\\\/wordpress\\\/#website\",\"url\":\"https:\\\/\\\/www.vfl-fluorn-fussball.de\\\/wordpress\\\/\",\"name\":\"VfL Fluorn Fu\u00dfball 1924 e.V.\",\"description\":\"Mein Freund ist aus Leder\",\"publisher\":{\"@id\":\"https:\\\/\\\/www.vfl-fluorn-fussball.de\\\/wordpress\\\/#organization\"},\"potentialAction\":[{\"@type\":\"SearchAction\",\"target\":{\"@type\":\"EntryPoint\",\"urlTemplate\":\"https:\\\/\\\/www.vfl-fluorn-fussball.de\\\/wordpress\\\/?s={search_term_string}\"},\"query-input\":{\"@type\":\"PropertyValueSpecification\",\"valueRequired\":true,\"valueName\":\"search_term_string\"}}],\"inLanguage\":\"de\"},{\"@type\":\"Organization\",\"@id\":\"https:\\\/\\\/www.vfl-fluorn-fussball.de\\\/wordpress\\\/#organization\",\"name\":\"VfL Fluorn Fu\u00dfball 1924 e.V.\",\"url\":\"https:\\\/\\\/www.vfl-fluorn-fussball.de\\\/wordpress\\\/\",\"logo\":{\"@type\":\"ImageObject\",\"inLanguage\":\"de\",\"@id\":\"https:\\\/\\\/www.vfl-fluorn-fussball.de\\\/wordpress\\\/#\\\/schema\\\/logo\\\/image\\\/\",\"url\":\"https:\\\/\\\/www.vfl-fluorn-fussball.de\\\/wordpress\\\/wp-content\\\/uploads\\\/2023\\\/12\\\/VfLLogoOhneHintergrund.png\",\"contentUrl\":\"https:\\\/\\\/www.vfl-fluorn-fussball.de\\\/wordpress\\\/wp-content\\\/uploads\\\/2023\\\/12\\\/VfLLogoOhneHintergrund.png\",\"width\":963,\"height\":963,\"caption\":\"VfL Fluorn Fu\u00dfball 1924 e.V.\"},\"image\":{\"@id\":\"https:\\\/\\\/www.vfl-fluorn-fussball.de\\\/wordpress\\\/#\\\/schema\\\/logo\\\/image\\\/\"},\"sameAs\":[\"https:\\\/\\\/de-de.facebook.com\\\/p\\\/Vfl-Fluorn-1924-eV-100036848576053\\\/\"]}]}<\/script>\n<!-- \/ Yoast SEO plugin. -->","yoast_head_json":{"title":"Jugendfussball - VfL Fluorn Fu\u00dfball 1924 e.V.","robots":{"index":"index","follow":"follow","max-snippet":"max-snippet:-1","max-image-preview":"max-image-preview:large","max-video-preview":"max-video-preview:-1"},"canonical":"https:\/\/www.vfl-fluorn-fussball.de\/wordpress\/jugendfussball\/","og_locale":"de_DE","og_type":"article","og_title":"Jugendfussball - VfL Fluorn Fu\u00dfball 1924 e.V.","og_description":"Jugendarbeit A-Jugend&nbsp; Federf\u00fchrung: SV Waldm\u00f6ssingen Trainer: Jannik Aichele, Tim Bantle Trainingszeiten:\u00a0Di. und Do. 19:00-20:30 Uhr in Waldm\u00f6ssingen B-JugendFederf\u00fchrung: VfL Fluorn Trainer: Peter Hammerdinger, Kai Hezel Trainingszeiten: Montags und Donnerstags 19:00 - 20:30 Uhr in Fluorn C-Jugend&nbsp; Federf\u00fchrung: SV Winzeln Trainer: Gerd Holzner, Markus Langenbacher, Wolf Ernst, Michael King Trainingszeiten:\u00a0Dienstags in WaM\u00f6 und Donnerstag in Winzeln 18:00 - 19:30 Uhr D-Jugend&nbsp; Federf\u00fchrung: SV Winzeln Trainer: Mika Schmid, Matthias Scheer, Didi Bantle, Bernd Nahrgang, Daniel Ade Trainingszeiten: Dienstags und Donnerstags 17:30 - 19:00 Uhr in Winzeln &nbsp; E-Jugend&nbsp; Federf\u00fchrung: SV Winzeln Trainer:\u00a0Michael Heinzelmann, Ale el Kontar, Jose Miguel, Sven Reuter Trainingszeiten: Montags und Mittwochs 17:45 - 19:15 Uhr in Winzeln F-JugendFederf\u00fchrung: SV [&hellip;]","og_url":"https:\/\/www.vfl-fluorn-fussball.de\/wordpress\/jugendfussball\/","og_site_name":"VfL Fluorn Fu\u00dfball 1924 e.V.","article_publisher":"https:\/\/de-de.facebook.com\/p\/Vfl-Fluorn-1924-eV-100036848576053\/","article_modified_time":"2019-03-11T16:44:33+00:00","og_image":[{"width":1024,"height":576,"url":"https:\/\/www.vfl-fluorn-fussball.de\/wordpress\/wp-content\/uploads\/2023\/12\/HeaderWMSponsors4_final-1024x576.png","type":"image\/png"}],"twitter_misc":{"Gesch\u00e4tzte Lesezeit":"1\u00a0Minute"},"schema":{"@context":"https:\/\/schema.org","@graph":[{"@type":"WebPage","@id":"https:\/\/www.vfl-fluorn-fussball.de\/wordpress\/jugendfussball\/","url":"https:\/\/www.vfl-fluorn-fussball.de\/wordpress\/jugendfussball\/","name":"Jugendfussball - VfL Fluorn Fu\u00dfball 1924 e.V.","isPartOf":{"@id":"https:\/\/www.vfl-fluorn-fussball.de\/wordpress\/#website"},"datePublished":"2014-10-06T16:47:57+00:00","dateModified":"2019-03-11T16:44:33+00:00","breadcrumb":{"@id":"https:\/\/www.vfl-fluorn-fussball.de\/wordpress\/jugendfussball\/#breadcrumb"},"inLanguage":"de","potentialAction":[{"@type":"ReadAction","target":["https:\/\/www.vfl-fluorn-fussball.de\/wordpress\/jugendfussball\/"]}]},{"@type":"BreadcrumbList","@id":"https:\/\/www.vfl-fluorn-fussball.de\/wordpress\/jugendfussball\/#breadcrumb","itemListElement":[{"@type":"ListItem","position":1,"name":"Home","item":"https:\/\/www.vfl-fluorn-fussball.de\/wordpress\/"},{"@type":"ListItem","position":2,"name":"Jugendfussball"}]},{"@type":"WebSite","@id":"https:\/\/www.vfl-fluorn-fussball.de\/wordpress\/#website","url":"https:\/\/www.vfl-fluorn-fussball.de\/wordpress\/","name":"VfL Fluorn Fu\u00dfball 1924 e.V.","description":"Mein Freund ist aus Leder","publisher":{"@id":"https:\/\/www.vfl-fluorn-fussball.de\/wordpress\/#organization"},"potentialAction":[{"@type":"SearchAction","target":{"@type":"EntryPoint","urlTemplate":"https:\/\/www.vfl-fluorn-fussball.de\/wordpress\/?s={search_term_string}"},"query-input":{"@type":"PropertyValueSpecification","valueRequired":true,"valueName":"search_term_string"}}],"inLanguage":"de"},{"@type":"Organization","@id":"https:\/\/www.vfl-fluorn-fussball.de\/wordpress\/#organization","name":"VfL Fluorn Fu\u00dfball 1924 e.V.","url":"https:\/\/www.vfl-fluorn-fussball.de\/wordpress\/","logo":{"@type":"ImageObject","inLanguage":"de","@id":"https:\/\/www.vfl-fluorn-fussball.de\/wordpress\/#\/schema\/logo\/image\/","url":"https:\/\/www.vfl-fluorn-fussball.de\/wordpress\/wp-content\/uploads\/2023\/12\/VfLLogoOhneHintergrund.png","contentUrl":"https:\/\/www.vfl-fluorn-fussball.de\/wordpress\/wp-content\/uploads\/2023\/12\/VfLLogoOhneHintergrund.png","width":963,"height":963,"caption":"VfL Fluorn Fu\u00dfball 1924 e.V."},"image":{"@id":"https:\/\/www.vfl-fluorn-fussball.de\/wordpress\/#\/schema\/logo\/image\/"},"sameAs":["https:\/\/de-de.facebook.com\/p\/Vfl-Fluorn-1924-eV-100036848576053\/"]}]}},"_links":{"self":[{"href":"https:\/\/www.vfl-fluorn-fussball.de\/wordpress\/wp-json\/wp\/v2\/pages\/30","targetHints":{"allow":["GET"]}}],"collection":[{"href":"https:\/\/www.vfl-fluorn-fussball.de\/wordpress\/wp-json\/wp\/v2\/pages"}],"about":[{"href":"https:\/\/www.vfl-fluorn-fussball.de\/wordpress\/wp-json\/wp\/v2\/types\/page"}],"author":[{"embeddable":true,"href":"https:\/\/www.vfl-fluorn-fussball.de\/wordpress\/wp-json\/wp\/v2\/users\/2"}],"replies":[{"embeddable":true,"href":"https:\/\/www.vfl-fluorn-fussball.de\/wordpress\/wp-json\/wp\/v2\/comments?post=30"}],"version-history":[{"count":25,"href":"https:\/\/www.vfl-fluorn-fussball.de\/wordpress\/wp-json\/wp\/v2\/pages\/30\/revisions"}],"predecessor-version":[{"id":1223,"href":"https:\/\/www.vfl-fluorn-fussball.de\/wordpress\/wp-json\/wp\/v2\/pages\/30\/revisions\/1223"}],"wp:attachment":[{"href":"https:\/\/www.vfl-fluorn-fussball.de\/wordpress\/wp-json\/wp\/v2\/media?parent=30"}],"curies":[{"name":"wp","href":"https:\/\/api.w.org\/{rel}","templated":true}]}}