{"id":385,"date":"2014-11-17T20:43:54","date_gmt":"2014-11-17T18:43:54","guid":{"rendered":"http:\/\/www.vfl-fluorn-fussball.de\/wordpress\/?page_id=385"},"modified":"2026-02-20T23:09:41","modified_gmt":"2026-02-20T21:09:41","slug":"downloads","status":"publish","type":"page","link":"https:\/\/www.vfl-fluorn-fussball.de\/wordpress\/downloads\/","title":{"rendered":"Downloads"},"content":{"rendered":"<div id=\"pl-385\"  class=\"panel-layout\" ><div id=\"pg-385-0\"  class=\"panel-grid panel-no-style\" ><div id=\"pgc-385-0-0\"  class=\"panel-grid-cell\" ><div id=\"panel-385-0-0-0\" class=\"so-panel widget widget_black-studio-tinymce widget_black_studio_tinymce panel-first-child panel-last-child\" data-index=\"0\" ><h3 class=\"widget-title\">aktuelle Downloads: Mitgliedsantrag, Dienstpl\u00e4ne, etc.<\/h3><div class=\"textwidget\"><\/div><\/div><\/div><\/div><div id=\"pg-385-1\"  class=\"panel-grid panel-no-style\" ><div id=\"pgc-385-1-0\"  class=\"panel-grid-cell\" ><div id=\"panel-385-1-0-0\" class=\"so-panel widget widget_black-studio-tinymce widget_black_studio_tinymce panel-first-child panel-last-child\" data-index=\"1\" ><h3 class=\"widget-title\">Mitgliedsantrag<\/h3><div class=\"textwidget\"><h4 style=\"text-align: center;\">Download des Mitgliedsantrages f\u00fcr den VfL FLuorn Fu\u00dfball 1924 e.V. - bei Fragen wenden Sie sich bitte an alle Mitglieder des Vorstandes oder Ausschusses.<\/h4>\n<\/div><\/div><\/div><div id=\"pgc-385-1-1\"  class=\"panel-grid-cell\" ><div id=\"panel-385-1-1-0\" class=\"so-panel widget widget_origin_button panel-first-child panel-last-child\" data-index=\"2\" ><div class=\"origin-widget origin-widget-button origin-widget-button-simple-blue align-center\"><a href=\"https:\/\/www.vfl-fluorn-fussball.de\/wordpress\/wp-content\/uploads\/2026\/02\/Eintrittsbestaetigung-VfL-Fluorn_SEPA-Einwilligung-inkl.-Beitraege-DSGVO_2026.pdf\" \ntarget=\"_blank\" rel=\"noopener noreferrer\">\n\tDownload<\/a>\n<\/div><\/div><\/div><\/div><div id=\"pg-385-2\"  class=\"panel-grid panel-no-style\" ><div id=\"pgc-385-2-0\"  class=\"panel-grid-cell\" ><div id=\"panel-385-2-0-0\" class=\"so-panel widget widget_black-studio-tinymce widget_black_studio_tinymce panel-first-child panel-last-child\" data-index=\"3\" ><h3 class=\"widget-title\">Satzung<\/h3><div class=\"textwidget\"><h4 style=\"text-align: center;\">Download der Satzung des VfL FLuorn Fu\u00dfball 1924 e.V.<\/h4>\n<\/div><\/div><\/div><div id=\"pgc-385-2-1\"  class=\"panel-grid-cell\" ><div id=\"panel-385-2-1-0\" class=\"so-panel widget widget_origin_button panel-first-child panel-last-child\" data-index=\"4\" ><div class=\"origin-widget origin-widget-button origin-widget-button-simple-blue align-center\"><a href=\"http:\/\/www.vfl-fluorn-fussball.de\/wordpress\/wp-content\/uploads\/2021\/01\/Satzung-des-VfL-Fluorn-Fu\u00dfball-1924-e.V.-Stand-Sep-2020_ver\u00f6ffentlicht.pdf\" \ntarget=\"_blank\" rel=\"noopener noreferrer\">\n\tDownload<\/a>\n<\/div><\/div><\/div><\/div><div id=\"pg-385-3\"  class=\"panel-grid panel-no-style\" ><div id=\"pgc-385-3-0\"  class=\"panel-grid-cell\" ><div id=\"panel-385-3-0-0\" class=\"so-panel widget widget_black-studio-tinymce widget_black_studio_tinymce panel-first-child panel-last-child\" data-index=\"5\" ><h3 class=\"widget-title\">Turniermanager<\/h3><div class=\"textwidget\"><h4 style=\"text-align: center;\">Eigenentwicklung zum Planen und Steuern von Fussballturnieren<br \/>\n(Maximal 13. Mannschaften pro Gruppe, Keine Zeit-\/Feld-Belegungspl\u00e4ne, Seit Version 3 mit ausgeglichenem Heimrecht, Fehler beim Laden von bereits gespeicherten Turnieren behoben)<\/h4>\n<\/div><\/div><\/div><div id=\"pgc-385-3-1\"  class=\"panel-grid-cell\" ><div id=\"panel-385-3-1-0\" class=\"so-panel widget widget_origin_button panel-first-child panel-last-child\" data-index=\"6\" ><div class=\"origin-widget origin-widget-button origin-widget-button-simple-blue align-center\"><a href=\"https:\/\/www.vfl-fluorn-fussball.de\/wordpress\/wp-content\/uploads\/2024\/07\/TournamentManagerV3.zip\" \ntarget=\"_blank\" rel=\"noopener noreferrer\">\n\tDownload<\/a>\n<\/div><\/div><\/div><\/div><\/div>","protected":false},"excerpt":{"rendered":"<p>Download des Mitgliedsantrages f\u00fcr den VfL FLuorn Fu\u00dfball 1924 e.V. &#8211; bei Fragen wenden Sie sich bitte an alle Mitglieder des Vorstandes oder Ausschusses.<\/p>\n","protected":false},"author":2,"featured_media":0,"parent":0,"menu_order":0,"comment_status":"closed","ping_status":"open","template":"page_front-page.php","meta":{"footnotes":""},"class_list":["post-385","page","type-page","status-publish","hentry"],"yoast_head":"<!-- This site is optimized with the Yoast SEO plugin v27.3 - https:\/\/yoast.com\/product\/yoast-seo-wordpress\/ -->\n<title>Downloads - VfL Fluorn Fu\u00dfball 1924 e.V.<\/title>\n<meta name=\"robots\" content=\"index, follow, max-snippet:-1, max-image-preview:large, max-video-preview:-1\" \/>\n<link rel=\"canonical\" href=\"https:\/\/www.vfl-fluorn-fussball.de\/wordpress\/downloads\/\" \/>\n<meta property=\"og:locale\" content=\"de_DE\" \/>\n<meta property=\"og:type\" content=\"article\" \/>\n<meta property=\"og:title\" content=\"Downloads - VfL Fluorn Fu\u00dfball 1924 e.V.\" \/>\n<meta property=\"og:description\" content=\"Download des Mitgliedsantrages f\u00fcr den VfL FLuorn Fu\u00dfball 1924 e.V. - bei Fragen wenden Sie sich bitte an alle Mitglieder des Vorstandes oder Ausschusses.\" \/>\n<meta property=\"og:url\" content=\"https:\/\/www.vfl-fluorn-fussball.de\/wordpress\/downloads\/\" \/>\n<meta property=\"og:site_name\" content=\"VfL Fluorn Fu\u00dfball 1924 e.V.\" \/>\n<meta property=\"article:publisher\" content=\"https:\/\/de-de.facebook.com\/p\/Vfl-Fluorn-1924-eV-100036848576053\/\" \/>\n<meta property=\"article:modified_time\" content=\"2026-02-20T21:09:41+00:00\" \/>\n<meta property=\"og:image\" content=\"https:\/\/www.vfl-fluorn-fussball.de\/wordpress\/wp-content\/uploads\/2023\/12\/HeaderWMSponsors4_final-1024x576.png\" \/>\n\t<meta property=\"og:image:width\" content=\"1024\" \/>\n\t<meta property=\"og:image:height\" content=\"576\" \/>\n\t<meta property=\"og:image:type\" content=\"image\/png\" \/>\n<meta name=\"twitter:label1\" content=\"Gesch\u00e4tzte Lesezeit\" \/>\n\t<meta name=\"twitter:data1\" content=\"1\u00a0Minute\" \/>\n<script type=\"application\/ld+json\" class=\"yoast-schema-graph\">{\"@context\":\"https:\\\/\\\/schema.org\",\"@graph\":[{\"@type\":\"WebPage\",\"@id\":\"https:\\\/\\\/www.vfl-fluorn-fussball.de\\\/wordpress\\\/downloads\\\/\",\"url\":\"https:\\\/\\\/www.vfl-fluorn-fussball.de\\\/wordpress\\\/downloads\\\/\",\"name\":\"Downloads - VfL Fluorn Fu\u00dfball 1924 e.V.\",\"isPartOf\":{\"@id\":\"https:\\\/\\\/www.vfl-fluorn-fussball.de\\\/wordpress\\\/#website\"},\"datePublished\":\"2014-11-17T18:43:54+00:00\",\"dateModified\":\"2026-02-20T21:09:41+00:00\",\"breadcrumb\":{\"@id\":\"https:\\\/\\\/www.vfl-fluorn-fussball.de\\\/wordpress\\\/downloads\\\/#breadcrumb\"},\"inLanguage\":\"de\",\"potentialAction\":[{\"@type\":\"ReadAction\",\"target\":[\"https:\\\/\\\/www.vfl-fluorn-fussball.de\\\/wordpress\\\/downloads\\\/\"]}]},{\"@type\":\"BreadcrumbList\",\"@id\":\"https:\\\/\\\/www.vfl-fluorn-fussball.de\\\/wordpress\\\/downloads\\\/#breadcrumb\",\"itemListElement\":[{\"@type\":\"ListItem\",\"position\":1,\"name\":\"Home\",\"item\":\"https:\\\/\\\/www.vfl-fluorn-fussball.de\\\/wordpress\\\/\"},{\"@type\":\"ListItem\",\"position\":2,\"name\":\"Downloads\"}]},{\"@type\":\"WebSite\",\"@id\":\"https:\\\/\\\/www.vfl-fluorn-fussball.de\\\/wordpress\\\/#website\",\"url\":\"https:\\\/\\\/www.vfl-fluorn-fussball.de\\\/wordpress\\\/\",\"name\":\"VfL Fluorn Fu\u00dfball 1924 e.V.\",\"description\":\"Mein Freund ist aus Leder\",\"publisher\":{\"@id\":\"https:\\\/\\\/www.vfl-fluorn-fussball.de\\\/wordpress\\\/#organization\"},\"potentialAction\":[{\"@type\":\"SearchAction\",\"target\":{\"@type\":\"EntryPoint\",\"urlTemplate\":\"https:\\\/\\\/www.vfl-fluorn-fussball.de\\\/wordpress\\\/?s={search_term_string}\"},\"query-input\":{\"@type\":\"PropertyValueSpecification\",\"valueRequired\":true,\"valueName\":\"search_term_string\"}}],\"inLanguage\":\"de\"},{\"@type\":\"Organization\",\"@id\":\"https:\\\/\\\/www.vfl-fluorn-fussball.de\\\/wordpress\\\/#organization\",\"name\":\"VfL Fluorn Fu\u00dfball 1924 e.V.\",\"url\":\"https:\\\/\\\/www.vfl-fluorn-fussball.de\\\/wordpress\\\/\",\"logo\":{\"@type\":\"ImageObject\",\"inLanguage\":\"de\",\"@id\":\"https:\\\/\\\/www.vfl-fluorn-fussball.de\\\/wordpress\\\/#\\\/schema\\\/logo\\\/image\\\/\",\"url\":\"https:\\\/\\\/www.vfl-fluorn-fussball.de\\\/wordpress\\\/wp-content\\\/uploads\\\/2023\\\/12\\\/VfLLogoOhneHintergrund.png\",\"contentUrl\":\"https:\\\/\\\/www.vfl-fluorn-fussball.de\\\/wordpress\\\/wp-content\\\/uploads\\\/2023\\\/12\\\/VfLLogoOhneHintergrund.png\",\"width\":963,\"height\":963,\"caption\":\"VfL Fluorn Fu\u00dfball 1924 e.V.\"},\"image\":{\"@id\":\"https:\\\/\\\/www.vfl-fluorn-fussball.de\\\/wordpress\\\/#\\\/schema\\\/logo\\\/image\\\/\"},\"sameAs\":[\"https:\\\/\\\/de-de.facebook.com\\\/p\\\/Vfl-Fluorn-1924-eV-100036848576053\\\/\"]}]}<\/script>\n<!-- \/ Yoast SEO plugin. -->","yoast_head_json":{"title":"Downloads - VfL Fluorn Fu\u00dfball 1924 e.V.","robots":{"index":"index","follow":"follow","max-snippet":"max-snippet:-1","max-image-preview":"max-image-preview:large","max-video-preview":"max-video-preview:-1"},"canonical":"https:\/\/www.vfl-fluorn-fussball.de\/wordpress\/downloads\/","og_locale":"de_DE","og_type":"article","og_title":"Downloads - VfL Fluorn Fu\u00dfball 1924 e.V.","og_description":"Download des Mitgliedsantrages f\u00fcr den VfL FLuorn Fu\u00dfball 1924 e.V. - bei Fragen wenden Sie sich bitte an alle Mitglieder des Vorstandes oder Ausschusses.","og_url":"https:\/\/www.vfl-fluorn-fussball.de\/wordpress\/downloads\/","og_site_name":"VfL Fluorn Fu\u00dfball 1924 e.V.","article_publisher":"https:\/\/de-de.facebook.com\/p\/Vfl-Fluorn-1924-eV-100036848576053\/","article_modified_time":"2026-02-20T21:09:41+00:00","og_image":[{"width":1024,"height":576,"url":"https:\/\/www.vfl-fluorn-fussball.de\/wordpress\/wp-content\/uploads\/2023\/12\/HeaderWMSponsors4_final-1024x576.png","type":"image\/png"}],"twitter_misc":{"Gesch\u00e4tzte Lesezeit":"1\u00a0Minute"},"schema":{"@context":"https:\/\/schema.org","@graph":[{"@type":"WebPage","@id":"https:\/\/www.vfl-fluorn-fussball.de\/wordpress\/downloads\/","url":"https:\/\/www.vfl-fluorn-fussball.de\/wordpress\/downloads\/","name":"Downloads - VfL Fluorn Fu\u00dfball 1924 e.V.","isPartOf":{"@id":"https:\/\/www.vfl-fluorn-fussball.de\/wordpress\/#website"},"datePublished":"2014-11-17T18:43:54+00:00","dateModified":"2026-02-20T21:09:41+00:00","breadcrumb":{"@id":"https:\/\/www.vfl-fluorn-fussball.de\/wordpress\/downloads\/#breadcrumb"},"inLanguage":"de","potentialAction":[{"@type":"ReadAction","target":["https:\/\/www.vfl-fluorn-fussball.de\/wordpress\/downloads\/"]}]},{"@type":"BreadcrumbList","@id":"https:\/\/www.vfl-fluorn-fussball.de\/wordpress\/downloads\/#breadcrumb","itemListElement":[{"@type":"ListItem","position":1,"name":"Home","item":"https:\/\/www.vfl-fluorn-fussball.de\/wordpress\/"},{"@type":"ListItem","position":2,"name":"Downloads"}]},{"@type":"WebSite","@id":"https:\/\/www.vfl-fluorn-fussball.de\/wordpress\/#website","url":"https:\/\/www.vfl-fluorn-fussball.de\/wordpress\/","name":"VfL Fluorn Fu\u00dfball 1924 e.V.","description":"Mein Freund ist aus Leder","publisher":{"@id":"https:\/\/www.vfl-fluorn-fussball.de\/wordpress\/#organization"},"potentialAction":[{"@type":"SearchAction","target":{"@type":"EntryPoint","urlTemplate":"https:\/\/www.vfl-fluorn-fussball.de\/wordpress\/?s={search_term_string}"},"query-input":{"@type":"PropertyValueSpecification","valueRequired":true,"valueName":"search_term_string"}}],"inLanguage":"de"},{"@type":"Organization","@id":"https:\/\/www.vfl-fluorn-fussball.de\/wordpress\/#organization","name":"VfL Fluorn Fu\u00dfball 1924 e.V.","url":"https:\/\/www.vfl-fluorn-fussball.de\/wordpress\/","logo":{"@type":"ImageObject","inLanguage":"de","@id":"https:\/\/www.vfl-fluorn-fussball.de\/wordpress\/#\/schema\/logo\/image\/","url":"https:\/\/www.vfl-fluorn-fussball.de\/wordpress\/wp-content\/uploads\/2023\/12\/VfLLogoOhneHintergrund.png","contentUrl":"https:\/\/www.vfl-fluorn-fussball.de\/wordpress\/wp-content\/uploads\/2023\/12\/VfLLogoOhneHintergrund.png","width":963,"height":963,"caption":"VfL Fluorn Fu\u00dfball 1924 e.V."},"image":{"@id":"https:\/\/www.vfl-fluorn-fussball.de\/wordpress\/#\/schema\/logo\/image\/"},"sameAs":["https:\/\/de-de.facebook.com\/p\/Vfl-Fluorn-1924-eV-100036848576053\/"]}]}},"_links":{"self":[{"href":"https:\/\/www.vfl-fluorn-fussball.de\/wordpress\/wp-json\/wp\/v2\/pages\/385","targetHints":{"allow":["GET"]}}],"collection":[{"href":"https:\/\/www.vfl-fluorn-fussball.de\/wordpress\/wp-json\/wp\/v2\/pages"}],"about":[{"href":"https:\/\/www.vfl-fluorn-fussball.de\/wordpress\/wp-json\/wp\/v2\/types\/page"}],"author":[{"embeddable":true,"href":"https:\/\/www.vfl-fluorn-fussball.de\/wordpress\/wp-json\/wp\/v2\/users\/2"}],"replies":[{"embeddable":true,"href":"https:\/\/www.vfl-fluorn-fussball.de\/wordpress\/wp-json\/wp\/v2\/comments?post=385"}],"version-history":[{"count":61,"href":"https:\/\/www.vfl-fluorn-fussball.de\/wordpress\/wp-json\/wp\/v2\/pages\/385\/revisions"}],"predecessor-version":[{"id":5349,"href":"https:\/\/www.vfl-fluorn-fussball.de\/wordpress\/wp-json\/wp\/v2\/pages\/385\/revisions\/5349"}],"wp:attachment":[{"href":"https:\/\/www.vfl-fluorn-fussball.de\/wordpress\/wp-json\/wp\/v2\/media?parent=385"}],"curies":[{"name":"wp","href":"https:\/\/api.w.org\/{rel}","templated":true}]}}