{"id":71,"date":"2014-11-15T13:00:34","date_gmt":"2014-11-15T11:00:34","guid":{"rendered":"http:\/\/www.vfl-fluorn-fussball.de\/wordpress\/?page_id=71"},"modified":"2015-07-27T14:07:10","modified_gmt":"2015-07-27T12:07:10","slug":"spielberichte","status":"publish","type":"page","link":"https:\/\/www.vfl-fluorn-fussball.de\/wordpress\/spielberichte\/","title":{"rendered":"Spielberichte"},"content":{"rendered":"<div id=\"pl-71\"  class=\"panel-layout\" ><div id=\"pg-71-0\"  class=\"panel-grid panel-no-style\" ><div id=\"pgc-71-0-0\"  class=\"panel-grid-cell\" ><div id=\"panel-71-0-0-0\" class=\"so-panel widget widget_moesia_latest_news moesia_latest_news_widget panel-first-child panel-last-child\" data-index=\"0\" >\t\t<section id=\"latest-news\" class=\"latest-news-area\">\n\t\t\t<div class=\"container\">\n\t\t\t\t<h3 class=\"widget-title\"><span class=\"wow bounce\">Spielberichte<\/span><\/h3>\t\t\t\t<div class=\"clearfix\">\n\t\t\t\t\t\t\t\t\t\t\t<div class=\"blog-post col-md-4 col-sm-6 col-xs-6\">\n\t\t\t\t\t\t\t\t\t\t\t\t\t\n\t\t\t\t\t\t\t<h4 class=\"entry-title\"><a href=\"https:\/\/www.vfl-fluorn-fussball.de\/wordpress\/spielbericht-der-sgm-i-vom-04-04-2026\/\" rel=\"bookmark\">Spielbericht der SGM I vom 04.04.2026<\/a><\/h4>\t\t\t\t\t\t\t<div class=\"entry-summary wow fadeInUp\"><p>SGM Dei\u00dflingen-Laufen II &#8211; SGM Fluorn-Winzeln I 6:0 (3:0) Die SGM Fluorn-Winzeln I musste sich im Ausw\u00e4rtsspiel bei der SGM Dei\u00dflingen-Laufen II deutlich mit 0:6 (0:3) geschlagen geben und kassierte damit nach einem guten Start in die R\u00fcckrunde den ersten sp\u00fcrbaren D\u00e4mpfer im Kampf um den Aufstieg. Die Gastgeber, die sich zus\u00e4tzlich mit zwei Bezirksligaspielern verst\u00e4rkt hatten, \u00fcbernahmen von Beginn an die Kontrolle \u00fcber das Spielgeschehen und waren von der ersten Minute an die klar bessere Mannschaft. Mit hoher Pr\u00e4senz in den Zweik\u00e4mpfen und sauberem Passspiel setzten sie die SGM Fluorn-Winzeln fr\u00fch unter Druck. Bereits in der 14. Spielminute gingen die Hausherren folgerichtig in F\u00fchrung: \u00dcber die rechte Seite setzte [&hellip;]<\/p>\n<\/div>\n\t\t\t\t\t\t<\/div>\n\t\t\t\t\t\t\t\t\t\t\t<div class=\"blog-post col-md-4 col-sm-6 col-xs-6\">\n\t\t\t\t\t\t\t\t\t\t\t\t\t\n\t\t\t\t\t\t\t<h4 class=\"entry-title\"><a href=\"https:\/\/www.vfl-fluorn-fussball.de\/wordpress\/spielbericht-der-sgm-ii-vom-29-03-2026\/\" rel=\"bookmark\">Spielbericht der SGM II vom 29.03.2026<\/a><\/h4>\t\t\t\t\t\t\t<div class=\"entry-summary wow fadeInUp\"><p>SGM Zimmer\/Horgen III &#8211; SGM Fluorn-Winzeln II 3:2 (1:0) Gegen die guten Zimmerner und Horgener zeigte unsere Dritte erneut, ingesamt eine sehr ordentliche Leitung. Dass es nicht zumindest zu einem Ausw\u00e4rtspunkt reichte war am Ende einfach bitter, aber auch nicht v\u00f6llig unverdient. Auf dem ungewohnten Kunstrasen tat sich unsere Elf vor allem im Offensivspiel schwer. Es gelang uns in den gesamten ersten 45 Minuten nicht eine klare Torchance heraus zu spielen. Auf der anderen Seite stand man aber defensiv gegen spielerisch starke Hausherren insgesamt sehr solide, musste aber nach rund 30 Minuten das 1:0 nach einem abgef\u00e4lschten &#8211; und dadurch unhaltbaren &#8211; Schuss aus rund 18 Metern hinnehmen. Im zweiten [&hellip;]<\/p>\n<\/div>\n\t\t\t\t\t\t<\/div>\n\t\t\t\t\t\t\t\t\t\t\t<div class=\"blog-post col-md-4 col-sm-6 col-xs-6\">\n\t\t\t\t\t\t\t\t\t\t\t\t\t\n\t\t\t\t\t\t\t<h4 class=\"entry-title\"><a href=\"https:\/\/www.vfl-fluorn-fussball.de\/wordpress\/spielberichte-der-sgms-vom-22-03-2026\/\" rel=\"bookmark\">Spielberichte der SGMs vom 22.03.2026<\/a><\/h4>\t\t\t\t\t\t\t<div class=\"entry-summary wow fadeInUp\"><p>SGM Fluorn-Winzeln I &#8211; SGM Beffendorf-B\u00f6singen II 3:1 (1:0) Die SGM Fluorn-Winzeln I zeigte von Beginn an eine starke und konzentrierte Leistung und kam deutlich besser in die Partie als die G\u00e4ste aus Beffendorf-B\u00f6singen. Mit einem konsequenten und gut organisierten hohen Pressing setzte man den Gegner fr\u00fch unter Druck und zwang ihn immer wieder zu Fehlern im Spielaufbau. Die G\u00e4ste hatten gro\u00dfe Schwierigkeiten, sich aus dieser Drucksituation zu befreien, und versuchten daher h\u00e4ufig, mit langen B\u00e4llen f\u00fcr Entlastung zu sorgen. Diese Versuche wurden jedoch meist von der aufmerksamen Defensive der Hausherren abgefangen, sodass Fluorn-Winzeln das Spielgeschehen klar kontrollierte. Durch das hohe Tempo und die aggressive Spielweise erarbeitete sich die SGM [&hellip;]<\/p>\n<\/div>\n\t\t\t\t\t\t<\/div>\n\t\t\t\t\t\t\t\t\t<\/div>\n\t\t\t\t\t\t\t\t\t\t\t\t<a href=\"https:\/\/www.vfl-fluorn-fussball.de\/wordpress\/category\/spielberichte\/\" class=\"all-news\">\n\t\t\t\t\t\t\t\t\t\t\t\t\t\t\tAlle Spielberichte anzeigen\t\t\t\t\t\t\t\t\t<\/a>\n\t\t\t<\/div>\n\t\t\t\t\t\t\n\t\t<\/section>\t\t\n\t<\/div><\/div><\/div><\/div>","protected":false},"excerpt":{"rendered":"<p>Spielberichte Spielbericht der SGM I vom 04.04.2026 SGM Dei\u00dflingen-Laufen II &#8211; SGM Fluorn-Winzeln I 6:0 (3:0) Die SGM Fluorn-Winzeln I musste sich im Ausw\u00e4rtsspiel bei der SGM Dei\u00dflingen-Laufen II deutlich mit 0:6 (0:3) geschlagen geben und kassierte damit nach einem guten Start in die R\u00fcckrunde den ersten sp\u00fcrbaren D\u00e4mpfer im Kampf um den Aufstieg. Die Gastgeber, die sich zus\u00e4tzlich mit zwei Bezirksligaspielern verst\u00e4rkt hatten, \u00fcbernahmen von Beginn an die Kontrolle \u00fcber das Spielgeschehen und waren von der ersten Minute an die klar bessere Mannschaft. Mit hoher Pr\u00e4senz in den Zweik\u00e4mpfen und sauberem Passspiel setzten sie die SGM Fluorn-Winzeln fr\u00fch unter Druck. Bereits in der 14. Spielminute gingen die Hausherren folgerichtig [&hellip;]<\/p>\n","protected":false},"author":2,"featured_media":0,"parent":0,"menu_order":3,"comment_status":"closed","ping_status":"open","template":"page_front-page.php","meta":{"footnotes":""},"class_list":["post-71","page","type-page","status-publish","hentry"],"yoast_head":"<!-- This site is optimized with the Yoast SEO plugin v27.3 - https:\/\/yoast.com\/product\/yoast-seo-wordpress\/ -->\n<title>Spielberichte - VfL Fluorn Fu\u00dfball 1924 e.V.<\/title>\n<meta name=\"robots\" content=\"index, follow, max-snippet:-1, max-image-preview:large, max-video-preview:-1\" \/>\n<link rel=\"canonical\" href=\"https:\/\/www.vfl-fluorn-fussball.de\/wordpress\/spielberichte\/\" \/>\n<meta property=\"og:locale\" content=\"de_DE\" \/>\n<meta property=\"og:type\" content=\"article\" \/>\n<meta property=\"og:title\" content=\"Spielberichte - VfL Fluorn Fu\u00dfball 1924 e.V.\" \/>\n<meta property=\"og:description\" content=\"Spielberichte Spielbericht der SGM I vom 04.04.2026 SGM Dei\u00dflingen-Laufen II &#8211; SGM Fluorn-Winzeln I 6:0 (3:0) Die SGM Fluorn-Winzeln I musste sich im Ausw\u00e4rtsspiel bei der SGM Dei\u00dflingen-Laufen II deutlich mit 0:6 (0:3) geschlagen geben und kassierte damit nach einem guten Start in die R\u00fcckrunde den ersten sp\u00fcrbaren D\u00e4mpfer im Kampf um den Aufstieg. Die Gastgeber, die sich zus\u00e4tzlich mit zwei Bezirksligaspielern verst\u00e4rkt hatten, \u00fcbernahmen von Beginn an die Kontrolle \u00fcber das Spielgeschehen und waren von der ersten Minute an die klar bessere Mannschaft. Mit hoher Pr\u00e4senz in den Zweik\u00e4mpfen und sauberem Passspiel setzten sie die SGM Fluorn-Winzeln fr\u00fch unter Druck. Bereits in der 14. Spielminute gingen die Hausherren folgerichtig [&hellip;]\" \/>\n<meta property=\"og:url\" content=\"https:\/\/www.vfl-fluorn-fussball.de\/wordpress\/spielberichte\/\" \/>\n<meta property=\"og:site_name\" content=\"VfL Fluorn Fu\u00dfball 1924 e.V.\" \/>\n<meta property=\"article:publisher\" content=\"https:\/\/de-de.facebook.com\/p\/Vfl-Fluorn-1924-eV-100036848576053\/\" \/>\n<meta property=\"article:modified_time\" content=\"2015-07-27T12:07:10+00:00\" \/>\n<meta property=\"og:image\" content=\"https:\/\/www.vfl-fluorn-fussball.de\/wordpress\/wp-content\/uploads\/2023\/12\/HeaderWMSponsors4_final-1024x576.png\" \/>\n\t<meta property=\"og:image:width\" content=\"1024\" \/>\n\t<meta property=\"og:image:height\" content=\"576\" \/>\n\t<meta property=\"og:image:type\" content=\"image\/png\" \/>\n<meta name=\"twitter:label1\" content=\"Gesch\u00e4tzte Lesezeit\" \/>\n\t<meta name=\"twitter:data1\" content=\"2\u00a0Minuten\" \/>\n<script type=\"application\/ld+json\" class=\"yoast-schema-graph\">{\"@context\":\"https:\\\/\\\/schema.org\",\"@graph\":[{\"@type\":\"WebPage\",\"@id\":\"https:\\\/\\\/www.vfl-fluorn-fussball.de\\\/wordpress\\\/spielberichte\\\/\",\"url\":\"https:\\\/\\\/www.vfl-fluorn-fussball.de\\\/wordpress\\\/spielberichte\\\/\",\"name\":\"Spielberichte - VfL Fluorn Fu\u00dfball 1924 e.V.\",\"isPartOf\":{\"@id\":\"https:\\\/\\\/www.vfl-fluorn-fussball.de\\\/wordpress\\\/#website\"},\"datePublished\":\"2014-11-15T11:00:34+00:00\",\"dateModified\":\"2015-07-27T12:07:10+00:00\",\"breadcrumb\":{\"@id\":\"https:\\\/\\\/www.vfl-fluorn-fussball.de\\\/wordpress\\\/spielberichte\\\/#breadcrumb\"},\"inLanguage\":\"de\",\"potentialAction\":[{\"@type\":\"ReadAction\",\"target\":[\"https:\\\/\\\/www.vfl-fluorn-fussball.de\\\/wordpress\\\/spielberichte\\\/\"]}]},{\"@type\":\"BreadcrumbList\",\"@id\":\"https:\\\/\\\/www.vfl-fluorn-fussball.de\\\/wordpress\\\/spielberichte\\\/#breadcrumb\",\"itemListElement\":[{\"@type\":\"ListItem\",\"position\":1,\"name\":\"Home\",\"item\":\"https:\\\/\\\/www.vfl-fluorn-fussball.de\\\/wordpress\\\/\"},{\"@type\":\"ListItem\",\"position\":2,\"name\":\"Spielberichte\"}]},{\"@type\":\"WebSite\",\"@id\":\"https:\\\/\\\/www.vfl-fluorn-fussball.de\\\/wordpress\\\/#website\",\"url\":\"https:\\\/\\\/www.vfl-fluorn-fussball.de\\\/wordpress\\\/\",\"name\":\"VfL Fluorn Fu\u00dfball 1924 e.V.\",\"description\":\"Mein Freund ist aus Leder\",\"publisher\":{\"@id\":\"https:\\\/\\\/www.vfl-fluorn-fussball.de\\\/wordpress\\\/#organization\"},\"potentialAction\":[{\"@type\":\"SearchAction\",\"target\":{\"@type\":\"EntryPoint\",\"urlTemplate\":\"https:\\\/\\\/www.vfl-fluorn-fussball.de\\\/wordpress\\\/?s={search_term_string}\"},\"query-input\":{\"@type\":\"PropertyValueSpecification\",\"valueRequired\":true,\"valueName\":\"search_term_string\"}}],\"inLanguage\":\"de\"},{\"@type\":\"Organization\",\"@id\":\"https:\\\/\\\/www.vfl-fluorn-fussball.de\\\/wordpress\\\/#organization\",\"name\":\"VfL Fluorn Fu\u00dfball 1924 e.V.\",\"url\":\"https:\\\/\\\/www.vfl-fluorn-fussball.de\\\/wordpress\\\/\",\"logo\":{\"@type\":\"ImageObject\",\"inLanguage\":\"de\",\"@id\":\"https:\\\/\\\/www.vfl-fluorn-fussball.de\\\/wordpress\\\/#\\\/schema\\\/logo\\\/image\\\/\",\"url\":\"https:\\\/\\\/www.vfl-fluorn-fussball.de\\\/wordpress\\\/wp-content\\\/uploads\\\/2023\\\/12\\\/VfLLogoOhneHintergrund.png\",\"contentUrl\":\"https:\\\/\\\/www.vfl-fluorn-fussball.de\\\/wordpress\\\/wp-content\\\/uploads\\\/2023\\\/12\\\/VfLLogoOhneHintergrund.png\",\"width\":963,\"height\":963,\"caption\":\"VfL Fluorn Fu\u00dfball 1924 e.V.\"},\"image\":{\"@id\":\"https:\\\/\\\/www.vfl-fluorn-fussball.de\\\/wordpress\\\/#\\\/schema\\\/logo\\\/image\\\/\"},\"sameAs\":[\"https:\\\/\\\/de-de.facebook.com\\\/p\\\/Vfl-Fluorn-1924-eV-100036848576053\\\/\"]}]}<\/script>\n<!-- \/ Yoast SEO plugin. -->","yoast_head_json":{"title":"Spielberichte - VfL Fluorn Fu\u00dfball 1924 e.V.","robots":{"index":"index","follow":"follow","max-snippet":"max-snippet:-1","max-image-preview":"max-image-preview:large","max-video-preview":"max-video-preview:-1"},"canonical":"https:\/\/www.vfl-fluorn-fussball.de\/wordpress\/spielberichte\/","og_locale":"de_DE","og_type":"article","og_title":"Spielberichte - VfL Fluorn Fu\u00dfball 1924 e.V.","og_description":"Spielberichte Spielbericht der SGM I vom 04.04.2026 SGM Dei\u00dflingen-Laufen II &#8211; SGM Fluorn-Winzeln I 6:0 (3:0) Die SGM Fluorn-Winzeln I musste sich im Ausw\u00e4rtsspiel bei der SGM Dei\u00dflingen-Laufen II deutlich mit 0:6 (0:3) geschlagen geben und kassierte damit nach einem guten Start in die R\u00fcckrunde den ersten sp\u00fcrbaren D\u00e4mpfer im Kampf um den Aufstieg. Die Gastgeber, die sich zus\u00e4tzlich mit zwei Bezirksligaspielern verst\u00e4rkt hatten, \u00fcbernahmen von Beginn an die Kontrolle \u00fcber das Spielgeschehen und waren von der ersten Minute an die klar bessere Mannschaft. Mit hoher Pr\u00e4senz in den Zweik\u00e4mpfen und sauberem Passspiel setzten sie die SGM Fluorn-Winzeln fr\u00fch unter Druck. Bereits in der 14. Spielminute gingen die Hausherren folgerichtig [&hellip;]","og_url":"https:\/\/www.vfl-fluorn-fussball.de\/wordpress\/spielberichte\/","og_site_name":"VfL Fluorn Fu\u00dfball 1924 e.V.","article_publisher":"https:\/\/de-de.facebook.com\/p\/Vfl-Fluorn-1924-eV-100036848576053\/","article_modified_time":"2015-07-27T12:07:10+00:00","og_image":[{"width":1024,"height":576,"url":"https:\/\/www.vfl-fluorn-fussball.de\/wordpress\/wp-content\/uploads\/2023\/12\/HeaderWMSponsors4_final-1024x576.png","type":"image\/png"}],"twitter_misc":{"Gesch\u00e4tzte Lesezeit":"2\u00a0Minuten"},"schema":{"@context":"https:\/\/schema.org","@graph":[{"@type":"WebPage","@id":"https:\/\/www.vfl-fluorn-fussball.de\/wordpress\/spielberichte\/","url":"https:\/\/www.vfl-fluorn-fussball.de\/wordpress\/spielberichte\/","name":"Spielberichte - VfL Fluorn Fu\u00dfball 1924 e.V.","isPartOf":{"@id":"https:\/\/www.vfl-fluorn-fussball.de\/wordpress\/#website"},"datePublished":"2014-11-15T11:00:34+00:00","dateModified":"2015-07-27T12:07:10+00:00","breadcrumb":{"@id":"https:\/\/www.vfl-fluorn-fussball.de\/wordpress\/spielberichte\/#breadcrumb"},"inLanguage":"de","potentialAction":[{"@type":"ReadAction","target":["https:\/\/www.vfl-fluorn-fussball.de\/wordpress\/spielberichte\/"]}]},{"@type":"BreadcrumbList","@id":"https:\/\/www.vfl-fluorn-fussball.de\/wordpress\/spielberichte\/#breadcrumb","itemListElement":[{"@type":"ListItem","position":1,"name":"Home","item":"https:\/\/www.vfl-fluorn-fussball.de\/wordpress\/"},{"@type":"ListItem","position":2,"name":"Spielberichte"}]},{"@type":"WebSite","@id":"https:\/\/www.vfl-fluorn-fussball.de\/wordpress\/#website","url":"https:\/\/www.vfl-fluorn-fussball.de\/wordpress\/","name":"VfL Fluorn Fu\u00dfball 1924 e.V.","description":"Mein Freund ist aus Leder","publisher":{"@id":"https:\/\/www.vfl-fluorn-fussball.de\/wordpress\/#organization"},"potentialAction":[{"@type":"SearchAction","target":{"@type":"EntryPoint","urlTemplate":"https:\/\/www.vfl-fluorn-fussball.de\/wordpress\/?s={search_term_string}"},"query-input":{"@type":"PropertyValueSpecification","valueRequired":true,"valueName":"search_term_string"}}],"inLanguage":"de"},{"@type":"Organization","@id":"https:\/\/www.vfl-fluorn-fussball.de\/wordpress\/#organization","name":"VfL Fluorn Fu\u00dfball 1924 e.V.","url":"https:\/\/www.vfl-fluorn-fussball.de\/wordpress\/","logo":{"@type":"ImageObject","inLanguage":"de","@id":"https:\/\/www.vfl-fluorn-fussball.de\/wordpress\/#\/schema\/logo\/image\/","url":"https:\/\/www.vfl-fluorn-fussball.de\/wordpress\/wp-content\/uploads\/2023\/12\/VfLLogoOhneHintergrund.png","contentUrl":"https:\/\/www.vfl-fluorn-fussball.de\/wordpress\/wp-content\/uploads\/2023\/12\/VfLLogoOhneHintergrund.png","width":963,"height":963,"caption":"VfL Fluorn Fu\u00dfball 1924 e.V."},"image":{"@id":"https:\/\/www.vfl-fluorn-fussball.de\/wordpress\/#\/schema\/logo\/image\/"},"sameAs":["https:\/\/de-de.facebook.com\/p\/Vfl-Fluorn-1924-eV-100036848576053\/"]}]}},"_links":{"self":[{"href":"https:\/\/www.vfl-fluorn-fussball.de\/wordpress\/wp-json\/wp\/v2\/pages\/71","targetHints":{"allow":["GET"]}}],"collection":[{"href":"https:\/\/www.vfl-fluorn-fussball.de\/wordpress\/wp-json\/wp\/v2\/pages"}],"about":[{"href":"https:\/\/www.vfl-fluorn-fussball.de\/wordpress\/wp-json\/wp\/v2\/types\/page"}],"author":[{"embeddable":true,"href":"https:\/\/www.vfl-fluorn-fussball.de\/wordpress\/wp-json\/wp\/v2\/users\/2"}],"replies":[{"embeddable":true,"href":"https:\/\/www.vfl-fluorn-fussball.de\/wordpress\/wp-json\/wp\/v2\/comments?post=71"}],"version-history":[{"count":21,"href":"https:\/\/www.vfl-fluorn-fussball.de\/wordpress\/wp-json\/wp\/v2\/pages\/71\/revisions"}],"predecessor-version":[{"id":1032,"href":"https:\/\/www.vfl-fluorn-fussball.de\/wordpress\/wp-json\/wp\/v2\/pages\/71\/revisions\/1032"}],"wp:attachment":[{"href":"https:\/\/www.vfl-fluorn-fussball.de\/wordpress\/wp-json\/wp\/v2\/media?parent=71"}],"curies":[{"name":"wp","href":"https:\/\/api.w.org\/{rel}","templated":true}]}}